{"id":4198,"date":"2023-02-10T12:39:18","date_gmt":"2023-02-10T11:39:18","guid":{"rendered":"https:\/\/dyfomopo.cyon.site\/charte\/"},"modified":"2026-01-09T09:14:10","modified_gmt":"2026-01-09T08:14:10","slug":"charte","status":"publish","type":"page","link":"https:\/\/www.asivbsa.swiss\/fr\/charte\/","title":{"rendered":"Charte"},"content":{"rendered":"<div id='av-layout-grid-1' class='av-layout-grid-container av-6uucc4-db1adfa5e7c9ffe34cef476ad54fd9b7 entry-content-wrapper main_color av-flex-cells avia-builder-el-0 el_before_av_one_full avia-builder-el-first container_wrap sidebar_right' >\n\n<style type=\"text\/css\" data-created_by=\"avia_inline_auto\" id=\"style-css-av-ldyk1za3-c897bf671b8edd41dd26b54d9842f2a2\">\n.flex_cell.av-ldyk1za3-c897bf671b8edd41dd26b54d9842f2a2{\nvertical-align:middle;\nheight:500px;\nmin-height:500px;\nbackground:url(https:\/\/www.asivbsa.swiss\/wp-content\/uploads\/2023\/02\/arbeitssicherheit-asi-vbsa-43.jpg) 50% 50% no-repeat scroll #fe0000;\n}\n.responsive #top #wrap_all .flex_cell.av-ldyk1za3-c897bf671b8edd41dd26b54d9842f2a2{\npadding:0px 0px 0px 0px !important;\n}\n<\/style>\n<div class='flex_cell av-ldyk1za3-c897bf671b8edd41dd26b54d9842f2a2 av-gridrow-cell av_one_half no_margin avia-builder-el-1 el_before_av_cell_one_half avia-builder-el-first content-align-middle av-zero-padding avia-full-stretch' ><div class='flex_cell_inner'><\/div><\/div>\n<style type=\"text\/css\" data-created_by=\"avia_inline_auto\" id=\"style-css-av-5od2bo-47036549b1602c1aff37e27fdd29b1f3\">\n.flex_cell.av-5od2bo-47036549b1602c1aff37e27fdd29b1f3{\nvertical-align:middle;\nheight:500px;\nmin-height:500px;\nbackground-color:#fe0000;\n}\n.responsive #top #wrap_all .flex_cell.av-5od2bo-47036549b1602c1aff37e27fdd29b1f3{\npadding:80px 80px 80px 80px !important;\n}\n<\/style>\n<div class='flex_cell av-5od2bo-47036549b1602c1aff37e27fdd29b1f3 av-gridrow-cell av_one_half no_margin avia-builder-el-2 el_after_av_cell_one_half avia-builder-el-last content-align-middle' ><div class='flex_cell_inner'><p>\n<style type=\"text\/css\" data-created_by=\"avia_inline_auto\" id=\"style-css-av-43dvqc-6bc1f46def6d685f2dc58f23672597e1\">\n#top .hr.hr-invisible.av-43dvqc-6bc1f46def6d685f2dc58f23672597e1{\nheight:80px;\n}\n<\/style>\n<div class='hr av-43dvqc-6bc1f46def6d685f2dc58f23672597e1 hr-invisible avia-builder-el-3 el_before_av_heading avia-builder-el-first '><span class='hr-inner '><span class=\"hr-inner-style\"><\/span><\/span><\/div><br \/>\n\n<style type=\"text\/css\" data-created_by=\"avia_inline_auto\" id=\"style-css-av-ldyjzse8-970848fb94d1d02bdbdf103aa6ab99c1\">\n#top .av-special-heading.av-ldyjzse8-970848fb94d1d02bdbdf103aa6ab99c1{\npadding-bottom:10px;\ncolor:#ffffff;\n}\nbody .av-special-heading.av-ldyjzse8-970848fb94d1d02bdbdf103aa6ab99c1 .av-special-heading-tag .heading-char{\nfont-size:25px;\n}\n.av-special-heading.av-ldyjzse8-970848fb94d1d02bdbdf103aa6ab99c1 .special-heading-inner-border{\nborder-color:#ffffff;\n}\n.av-special-heading.av-ldyjzse8-970848fb94d1d02bdbdf103aa6ab99c1 .av-subheading{\nfont-size:15px;\n}\n<\/style>\n<div id='87256c12e462d8a89edf499037670598' class='av-special-heading av-ldyjzse8-970848fb94d1d02bdbdf103aa6ab99c1 av-special-heading-h1 custom-color-heading blockquote modern-quote avia-builder-el-4 el_after_av_hr el_before_av_hr '><h1 class='av-special-heading-tag ' itemprop=\"headline\" >Charte<\/h1><div class=\"special-heading-border\"><div class=\"special-heading-inner-border\"><\/div><\/div><\/div><br \/>\n\n<style type=\"text\/css\" data-created_by=\"avia_inline_auto\" id=\"style-css-av-30chlg-3694e62180e5ad4b406456f59ac54e57\">\n#top .hr.hr-invisible.av-30chlg-3694e62180e5ad4b406456f59ac54e57{\nheight:80px;\n}\n<\/style>\n<div class='hr av-30chlg-3694e62180e5ad4b406456f59ac54e57 hr-invisible avia-builder-el-5 el_after_av_heading avia-builder-el-last '><span class='hr-inner '><span class=\"hr-inner-style\"><\/span><\/span><\/div><\/p>\n<\/div><\/div><\/div><div id='after_grid_row_1' class='main_color av_default_container_wrap container_wrap sidebar_right' style=' ' ><div class='container' ><div class='template-page content av-content-small alpha units'><div class='post-entry post-entry-type-page post-entry-4198'><div class='entry-content-wrapper clearfix'>\n<style type=\"text\/css\" data-created_by=\"avia_inline_auto\" id=\"style-css-av-430dmc-25d67510ff482aef9320c6eb8f2552bb\">\n.flex_column.av-430dmc-25d67510ff482aef9320c6eb8f2552bb{\nborder-radius:0px 0px 0px 0px;\npadding:0px 0px 0px 0px;\n}\n<\/style>\n<div class='flex_column av-430dmc-25d67510ff482aef9320c6eb8f2552bb av_one_full avia-builder-el-6 el_after_av_layout_row avia-builder-el-no-sibling first flex_column_div av-zero-column-padding ' ><p>\n<style type=\"text\/css\" data-created_by=\"avia_inline_auto\" id=\"style-css-av-ldyimjr4-09de952b581dd034cb90b568b7e75377\">\n#top .av-special-heading.av-ldyimjr4-09de952b581dd034cb90b568b7e75377{\npadding-bottom:10px;\n}\nbody .av-special-heading.av-ldyimjr4-09de952b581dd034cb90b568b7e75377 .av-special-heading-tag .heading-char{\nfont-size:25px;\n}\n.av-special-heading.av-ldyimjr4-09de952b581dd034cb90b568b7e75377 .av-subheading{\nfont-size:15px;\n}\n<\/style>\n<div id='d9d1ee8a4c444176f29a7934cb8d53d7' class='av-special-heading av-ldyimjr4-09de952b581dd034cb90b568b7e75377 av-special-heading-h3 blockquote modern-quote avia-builder-el-7 el_before_av_hr avia-builder-el-first '><h3 class='av-special-heading-tag ' itemprop=\"headline\" >Mission und Vision<\/h3><div class=\"special-heading-border\"><div class=\"special-heading-inner-border\"><\/div><\/div><\/div><br \/>\n\n<style type=\"text\/css\" data-created_by=\"avia_inline_auto\" id=\"style-css-av-37xrk4-6da7a5c9aacb71c93c9dc0c1b1849821\">\n#top .hr.av-37xrk4-6da7a5c9aacb71c93c9dc0c1b1849821{\nmargin-top:5px;\nmargin-bottom:20px;\n}\n.hr.av-37xrk4-6da7a5c9aacb71c93c9dc0c1b1849821 .hr-inner{\nwidth:100px;\nborder-color:#fe0000;\n}\n<\/style>\n<div class='hr av-37xrk4-6da7a5c9aacb71c93c9dc0c1b1849821 hr-custom avia-builder-el-8 el_after_av_heading el_before_av_textblock hr-left hr-icon-no'><span class='hr-inner inner-border-av-border-fat'><span class=\"hr-inner-style\"><\/span><\/span><\/div><br \/>\n<section class='av_textblock_section av-ldyimc9e-8bd144b5614b18b87fcd1c838ead1f85 ' itemscope=\"itemscope\" itemtype=\"https:\/\/schema.org\/CreativeWork\" ><div class='avia_textblock' itemprop=\"text\" ><p>Les entreprises affili\u00e9es au VBSA \/ ASED adoptent une politique commune de s\u00e9curit\u00e9 au travail et de protection de la sant\u00e9, fond\u00e9e sur des principes uniformes et des objectifs clairement d\u00e9finis.<\/p>\n<p>La s\u00e9curit\u00e9 au travail et la protection de la sant\u00e9 constituent une responsabilit\u00e9 prioritaire de la direction. Leur r\u00e9ussite d\u00e9pend de l&rsquo;engagement de la direction ainsi que de chaque collaborateur. Les accidents du travail peuvent \u00eatre \u00e9vit\u00e9s.<\/p>\n<p>Dans toutes les activit\u00e9s de planification, de formation et d&rsquo;exploitation, la s\u00e9curit\u00e9 au travail et la protection de la sant\u00e9 font partie int\u00e9grante des processus et doivent \u00eatre prises en compte au m\u00eame titre que les objectifs de l&rsquo;entreprise.<\/p>\n<p>La productivit\u00e9 et la rentabilit\u00e9 ne doivent en aucun cas se faire au d\u00e9triment de la s\u00e9curit\u00e9 au travail et de la protection de la sant\u00e9.<\/p>\n<p data-is-last-node=\"\">L&rsquo;ASi-VBSA et ses organes (KASi, pool ASA, service ASi) agissent en tant que prestataires de services dans le domaine de la s\u00e9curit\u00e9 au travail et de la protection de la sant\u00e9 et n&rsquo;assument aucune responsabilit\u00e9 hi\u00e9rarchique.<\/p>\n<\/div><\/section><\/p><\/div><\/p>\n","protected":false},"excerpt":{"rendered":"","protected":false},"author":3,"featured_media":0,"parent":0,"menu_order":20,"comment_status":"closed","ping_status":"closed","template":"","meta":{"_acf_changed":false,"footnotes":""},"class_list":["post-4198","page","type-page","status-publish","hentry"],"acf":[],"_links":{"self":[{"href":"https:\/\/www.asivbsa.swiss\/fr\/wp-json\/wp\/v2\/pages\/4198","targetHints":{"allow":["GET"]}}],"collection":[{"href":"https:\/\/www.asivbsa.swiss\/fr\/wp-json\/wp\/v2\/pages"}],"about":[{"href":"https:\/\/www.asivbsa.swiss\/fr\/wp-json\/wp\/v2\/types\/page"}],"author":[{"embeddable":true,"href":"https:\/\/www.asivbsa.swiss\/fr\/wp-json\/wp\/v2\/users\/3"}],"replies":[{"embeddable":true,"href":"https:\/\/www.asivbsa.swiss\/fr\/wp-json\/wp\/v2\/comments?post=4198"}],"version-history":[{"count":4,"href":"https:\/\/www.asivbsa.swiss\/fr\/wp-json\/wp\/v2\/pages\/4198\/revisions"}],"predecessor-version":[{"id":4362,"href":"https:\/\/www.asivbsa.swiss\/fr\/wp-json\/wp\/v2\/pages\/4198\/revisions\/4362"}],"wp:attachment":[{"href":"https:\/\/www.asivbsa.swiss\/fr\/wp-json\/wp\/v2\/media?parent=4198"}],"curies":[{"name":"wp","href":"https:\/\/api.w.org\/{rel}","templated":true}]}}