{"id":4195,"date":"2023-02-10T13:53:56","date_gmt":"2023-02-10T12:53:56","guid":{"rendered":"https:\/\/dyfomopo.cyon.site\/systeme-de-securite\/"},"modified":"2023-06-15T11:31:16","modified_gmt":"2023-06-15T09:31:16","slug":"systeme-de-securite","status":"publish","type":"page","link":"https:\/\/www.asivbsa.swiss\/fr\/systeme-de-securite\/","title":{"rendered":"Syst\u00e8me de s\u00e9curit\u00e9"},"content":{"rendered":"<div id='av-layout-grid-1' class='av-layout-grid-container av-7vapr2-0eefde3cd65b46041a3ad99251a6998c entry-content-wrapper main_color av-flex-cells avia-builder-el-0 el_before_av_one_full avia-builder-el-first container_wrap sidebar_right' >\n\n<style type=\"text\/css\" data-created_by=\"avia_inline_auto\" id=\"style-css-av-ldylakte-5d61703f1d94289644db109e47bbe740\">\n.flex_cell.av-ldylakte-5d61703f1d94289644db109e47bbe740{\nvertical-align:middle;\nheight:500px;\nmin-height:500px;\nbackground:url(https:\/\/www.asivbsa.swiss\/wp-content\/uploads\/2023\/02\/arbeitssicherheit-asi-vbsa-30.jpg) 50% 50% no-repeat scroll #fe0000;\n}\n.responsive #top #wrap_all .flex_cell.av-ldylakte-5d61703f1d94289644db109e47bbe740{\npadding:0px 0px 0px 0px !important;\n}\n<\/style>\n<div class='flex_cell av-ldylakte-5d61703f1d94289644db109e47bbe740 av-gridrow-cell av_one_half no_margin avia-builder-el-1 el_before_av_cell_one_half avia-builder-el-first content-align-middle av-zero-padding avia-full-stretch' ><div class='flex_cell_inner'><\/div><\/div>\n<style type=\"text\/css\" data-created_by=\"avia_inline_auto\" id=\"style-css-av-lif26-58bbf74e774ba79e78ce6acce260c66e\">\n.flex_cell.av-lif26-58bbf74e774ba79e78ce6acce260c66e{\nvertical-align:middle;\nheight:500px;\nmin-height:500px;\nbackground-color:#fe0000;\n}\n.responsive #top #wrap_all .flex_cell.av-lif26-58bbf74e774ba79e78ce6acce260c66e{\npadding:80px 80px 80px 80px !important;\n}\n<\/style>\n<div class='flex_cell av-lif26-58bbf74e774ba79e78ce6acce260c66e av-gridrow-cell av_one_half no_margin avia-builder-el-2 el_after_av_cell_one_half avia-builder-el-last content-align-middle' ><div class='flex_cell_inner'><p>\n<style type=\"text\/css\" data-created_by=\"avia_inline_auto\" id=\"style-css-av-4oymqm-3e48eadc8cefcc76d6445ebe2fac84d3\">\n#top .hr.hr-invisible.av-4oymqm-3e48eadc8cefcc76d6445ebe2fac84d3{\nheight:80px;\n}\n<\/style>\n<div class='hr av-4oymqm-3e48eadc8cefcc76d6445ebe2fac84d3 hr-invisible avia-builder-el-3 el_before_av_heading avia-builder-el-first '><span class='hr-inner '><span class=\"hr-inner-style\"><\/span><\/span><\/div><br \/>\n\n<style type=\"text\/css\" data-created_by=\"avia_inline_auto\" id=\"style-css-av-ldyl8cwh-21cc7f9b61cc38c8a2b6ae1f6bef4db3\">\n#top .av-special-heading.av-ldyl8cwh-21cc7f9b61cc38c8a2b6ae1f6bef4db3{\npadding-bottom:10px;\ncolor:#ffffff;\n}\nbody .av-special-heading.av-ldyl8cwh-21cc7f9b61cc38c8a2b6ae1f6bef4db3 .av-special-heading-tag .heading-char{\nfont-size:25px;\n}\n.av-special-heading.av-ldyl8cwh-21cc7f9b61cc38c8a2b6ae1f6bef4db3 .special-heading-inner-border{\nborder-color:#ffffff;\n}\n.av-special-heading.av-ldyl8cwh-21cc7f9b61cc38c8a2b6ae1f6bef4db3 .av-subheading{\nfont-size:15px;\n}\n<\/style>\n<div id='83006476b150aa5d6e8f3b3dfbfffbf0' class='av-special-heading av-ldyl8cwh-21cc7f9b61cc38c8a2b6ae1f6bef4db3 av-special-heading-h1 custom-color-heading blockquote modern-quote avia-builder-el-4 el_after_av_hr el_before_av_hr '><h1 class='av-special-heading-tag ' itemprop=\"headline\" >Syst\u00e8me de s\u00e9curit\u00e9<\/h1><div class=\"special-heading-border\"><div class=\"special-heading-inner-border\"><\/div><\/div><\/div><br \/>\n\n<style type=\"text\/css\" data-created_by=\"avia_inline_auto\" id=\"style-css-av-33oqce-94cc2ce5b76ce486a355a4a95e7f6d2a\">\n#top .hr.hr-invisible.av-33oqce-94cc2ce5b76ce486a355a4a95e7f6d2a{\nheight:80px;\n}\n<\/style>\n<div class='hr av-33oqce-94cc2ce5b76ce486a355a4a95e7f6d2a hr-invisible avia-builder-el-5 el_after_av_heading avia-builder-el-last '><span class='hr-inner '><span class=\"hr-inner-style\"><\/span><\/span><\/div><\/p>\n<\/div><\/div>\n<\/div><div id='after_grid_row_1' class='main_color av_default_container_wrap container_wrap sidebar_right' style=' ' ><div class='container' ><div class='template-page content av-content-small alpha units'><div class='post-entry post-entry-type-page post-entry-4195'><div class='entry-content-wrapper clearfix'>\n\n<style type=\"text\/css\" data-created_by=\"avia_inline_auto\" id=\"style-css-av-3xirgu-51992445a9ccf67fc5a75eefff8ed915\">\n.flex_column.av-3xirgu-51992445a9ccf67fc5a75eefff8ed915{\nborder-radius:0px 0px 0px 0px;\npadding:0px 0px 0px 0px;\n}\n<\/style>\n<div class='flex_column av-3xirgu-51992445a9ccf67fc5a75eefff8ed915 av_one_full avia-builder-el-6 el_after_av_layout_row el_before_av_hr avia-builder-el-first first flex_column_div av-zero-column-padding ' ><p>\n<style type=\"text\/css\" data-created_by=\"avia_inline_auto\" id=\"style-css-av-ldyl8v6u-dfd71dafe96d972556a2f48b6f10f3c6\">\n#top .av-special-heading.av-ldyl8v6u-dfd71dafe96d972556a2f48b6f10f3c6{\npadding-bottom:10px;\n}\nbody .av-special-heading.av-ldyl8v6u-dfd71dafe96d972556a2f48b6f10f3c6 .av-special-heading-tag .heading-char{\nfont-size:25px;\n}\n.av-special-heading.av-ldyl8v6u-dfd71dafe96d972556a2f48b6f10f3c6 .av-subheading{\nfont-size:15px;\n}\n<\/style>\n<div id='83fc686d043b34ca324ca2f8b46cd5a7' class='av-special-heading av-ldyl8v6u-dfd71dafe96d972556a2f48b6f10f3c6 av-special-heading-h3 blockquote modern-quote avia-builder-el-7 el_before_av_hr avia-builder-el-first '><h3 class='av-special-heading-tag ' itemprop=\"headline\" >Formuler des principes de s\u00e9curit\u00e9<\/h3><div class=\"special-heading-border\"><div class=\"special-heading-inner-border\"><\/div><\/div><\/div><br \/>\n\n<style type=\"text\/css\" data-created_by=\"avia_inline_auto\" id=\"style-css-av-20a9j2-1a8b76eb74f25db6ac57731c6a39c14b\">\n#top .hr.av-20a9j2-1a8b76eb74f25db6ac57731c6a39c14b{\nmargin-top:5px;\nmargin-bottom:20px;\n}\n.hr.av-20a9j2-1a8b76eb74f25db6ac57731c6a39c14b .hr-inner{\nwidth:100px;\nborder-color:#fe0000;\n}\n<\/style>\n<div class='hr av-20a9j2-1a8b76eb74f25db6ac57731c6a39c14b hr-custom avia-builder-el-8 el_after_av_heading avia-builder-el-last hr-left hr-icon-no'><span class='hr-inner inner-border-av-border-fat'><span class=\"hr-inner-style\"><\/span><\/span><\/div><\/p><\/div>\n\n<style type=\"text\/css\" data-created_by=\"avia_inline_auto\" id=\"style-css-av-liwxejvf-67041399894f0ab3b0035ce7716f711f\">\n#top .hr.hr-invisible.av-liwxejvf-67041399894f0ab3b0035ce7716f711f{\nheight:30px;\n}\n<\/style>\n<div class='hr av-liwxejvf-67041399894f0ab3b0035ce7716f711f hr-invisible avia-builder-el-9 el_after_av_one_full el_before_av_textblock '><span class='hr-inner '><span class=\"hr-inner-style\"><\/span><\/span><\/div>\n<section class='av_textblock_section av-ldyl9m5c-73d2f2cc6fabd4e983db2d331495631c ' itemscope=\"itemscope\" itemtype=\"https:\/\/schema.org\/CreativeWork\" ><div class='avia_textblock' itemprop=\"text\" ><p><span style=\"color: #f00a0a;\"><b><span style=\"font-family: Arial;\">POUR QUELLES RAISONS FAUT-IL METTRE EN PLACE UN SYST\u00c8ME DE S\u00c9CURIT\u00c9?<\/span><\/b><\/span><\/p>\n<p><span style=\"font-family: Arial;\">Conform\u00e9ment aux articles 3 \u00e0 10 de l'Ordonnance sur la pr\u00e9vention des accidents (OPA), les employeurs sont tenus de d\u00e9terminer les dangers pouvant survenir dans leur entreprise et de mettre en \u0153uvre les mesures de protection et les dispositions requises selon les r\u00e8gles techniques reconnues.<br \/>\nLa pr\u00e9vention syst\u00e9mique d\u00e9passe le simple cadre consistant \u00e0 \u00e9liminer des lacunes individuelles. Elle a pour objectif d'emp\u00eacher de mani\u00e8re durable que des lacunes identiques ou semblables se reproduisent dans l'ensemble de l'entreprise. En r\u00e8gle g\u00e9n\u00e9rale, la mise en \u0153uvre des mesures de protection requiert une combinaison de mesures aux plans technique, organisationnel et personnel.<br \/>\nLe syst\u00e8me de s\u00e9curit\u00e9 garantit la durabilit\u00e9 des mesures mises en \u0153uvre. Par ailleurs, il r\u00e9sume en un outil convivial les exigences fondamentales en mati\u00e8re de s\u00e9curit\u00e9 au travail et de protection de la sant\u00e9. Pour les employeurs et les charg\u00e9s de s\u00e9curit\u00e9, il constitue une aide pratique pour assumer leur responsabilit\u00e9 et am\u00e9liorer de mani\u00e8re continue la s\u00e9curit\u00e9 et la sant\u00e9 au sein de l'entreprise.<\/span><\/p>\n<p><span style=\"font-family: Arial;\">Ces t\u00e2ches requi\u00e8rent en g\u00e9n\u00e9ral des connaissances sp\u00e9cialis\u00e9es. Lorsque l'entreprise ne poss\u00e8de pas les connaissances et l'exp\u00e9rience n\u00e9cessaires, elle doit faire appel \u00e0 des sp\u00e9cialistes de la s\u00e9curit\u00e9 au travail.<\/span><\/p>\n<p><span style=\"color: #f00a0a;\"><strong>LE SYST\u00c8ME DE S\u00c9CURIT\u00c9 INTERNE \u00c0 L&rsquo;ENTREPRISE SE COMPOSE DES DIX \u00c9L\u00c9MENTS SUIVANTS:<\/strong><\/span><\/p>\n<p><span style=\"font-family: Arial;\"><br \/>\n1. <\/span>Principes directeurs, objectifs de s\u00e9curit\u00e9 indispensables \u00e0 toute am\u00e9lioration<br \/>\n2. Organisation de la s\u00e9curit\u00e9 d\u00e9finition des t\u00e2ches et des comp\u00e9tences<br \/>\n3. Formation, instruction, information pour pouvoir agir correctement<br \/>\n4. R\u00e8gles de s\u00e9curit\u00e9 pour d\u00e9finir les grandes lignes<br \/>\n5. D\u00e9termination des dangers, \u00e9valuation du risque pour conna\u00eetre les dangers<br \/>\n6. Planification et r\u00e9alisation des mesures pour \u00e9liminer ou r\u00e9duire les dangers identifi\u00e9s<br \/>\n7. Organisation en cas d'urgence pour minimiser les dommages<br \/>\n8. Participation pour que les personnes concern\u00e9es participent activement<br \/>\n9. Protection de la sant\u00e9 importante, bien que souvent n\u00e9glig\u00e9e<br \/>\n10. Contr\u00f4le, audit pour v\u00e9rifier que les objectifs fix\u00e9s ont \u00e9t\u00e9 atteints<\/p>\n<\/div><\/section>\n<section class='av_textblock_section av-liwxjhbb-eda7e01d69b32fa83a0287c89a0fa551 ' itemscope=\"itemscope\" itemtype=\"https:\/\/schema.org\/CreativeWork\" ><div class='avia_textblock' itemprop=\"text\" ><p><span style=\"color: #fa0707;\"><a style=\"color: #fa0707;\" href=\"https:\/\/www.asivbsa.swiss\/wp-content\/uploads\/2023\/06\/Systeme-de-securite.pdf\">Systeme de securite<\/a><\/span><\/p>\n<\/div><\/section>\n","protected":false},"excerpt":{"rendered":"","protected":false},"author":3,"featured_media":0,"parent":0,"menu_order":4,"comment_status":"closed","ping_status":"closed","template":"","meta":{"_acf_changed":false,"footnotes":""},"class_list":["post-4195","page","type-page","status-publish","hentry"],"acf":[],"_links":{"self":[{"href":"https:\/\/www.asivbsa.swiss\/fr\/wp-json\/wp\/v2\/pages\/4195","targetHints":{"allow":["GET"]}}],"collection":[{"href":"https:\/\/www.asivbsa.swiss\/fr\/wp-json\/wp\/v2\/pages"}],"about":[{"href":"https:\/\/www.asivbsa.swiss\/fr\/wp-json\/wp\/v2\/types\/page"}],"author":[{"embeddable":true,"href":"https:\/\/www.asivbsa.swiss\/fr\/wp-json\/wp\/v2\/users\/3"}],"replies":[{"embeddable":true,"href":"https:\/\/www.asivbsa.swiss\/fr\/wp-json\/wp\/v2\/comments?post=4195"}],"version-history":[{"count":3,"href":"https:\/\/www.asivbsa.swiss\/fr\/wp-json\/wp\/v2\/pages\/4195\/revisions"}],"predecessor-version":[{"id":4334,"href":"https:\/\/www.asivbsa.swiss\/fr\/wp-json\/wp\/v2\/pages\/4195\/revisions\/4334"}],"wp:attachment":[{"href":"https:\/\/www.asivbsa.swiss\/fr\/wp-json\/wp\/v2\/media?parent=4195"}],"curies":[{"name":"wp","href":"https:\/\/api.w.org\/{rel}","templated":true}]}}