{"id":4166,"date":"2023-02-10T14:05:56","date_gmt":"2023-02-10T13:05:56","guid":{"rendered":"https:\/\/dyfomopo.cyon.site\/?page_id=4166"},"modified":"2023-06-15T15:17:48","modified_gmt":"2023-06-15T13:17:48","slug":"organisation","status":"publish","type":"page","link":"https:\/\/www.asivbsa.swiss\/fr\/organisation\/","title":{"rendered":"Certificat CFST"},"content":{"rendered":"<div id='av-layout-grid-1' class='av-layout-grid-container av-cqc5m1-93f1ce87ea5c1d5301d4a1b849ef5550 entry-content-wrapper main_color av-flex-cells avia-builder-el-0 el_before_av_one_full avia-builder-el-first container_wrap sidebar_right' >\n\n<style type=\"text\/css\" data-created_by=\"avia_inline_auto\" id=\"style-css-av-bj7au1-b7ca686e363730c54b2cedf02acf2263\">\n.flex_cell.av-bj7au1-b7ca686e363730c54b2cedf02acf2263{\nvertical-align:middle;\nheight:500px;\nmin-height:500px;\nbackground:url(https:\/\/www.asivbsa.swiss\/wp-content\/uploads\/2023\/02\/arbeitssicherheit-asi-vbsa-41.jpg) 50% 50% no-repeat scroll #fe0000;\n}\n.responsive #top #wrap_all .flex_cell.av-bj7au1-b7ca686e363730c54b2cedf02acf2263{\npadding:0px 0px 0px 0px !important;\n}\n<\/style>\n<div class='flex_cell av-bj7au1-b7ca686e363730c54b2cedf02acf2263 av-gridrow-cell av_one_half no_margin avia-builder-el-1 el_before_av_cell_one_half avia-builder-el-first content-align-middle av-zero-padding avia-full-stretch' ><div class='flex_cell_inner'><\/div><\/div>\n<style type=\"text\/css\" data-created_by=\"avia_inline_auto\" id=\"style-css-av-9h2max-64f57a3a25dff3d967c00c576ed05b77\">\n.flex_cell.av-9h2max-64f57a3a25dff3d967c00c576ed05b77{\nvertical-align:middle;\nheight:500px;\nmin-height:500px;\nbackground-color:#fe0000;\n}\n.responsive #top #wrap_all .flex_cell.av-9h2max-64f57a3a25dff3d967c00c576ed05b77{\npadding:80px 80px 80px 80px !important;\n}\n<\/style>\n<div class='flex_cell av-9h2max-64f57a3a25dff3d967c00c576ed05b77 av-gridrow-cell av_one_half no_margin avia-builder-el-2 el_after_av_cell_one_half avia-builder-el-last content-align-middle' ><div class='flex_cell_inner'><p>\n<style type=\"text\/css\" data-created_by=\"avia_inline_auto\" id=\"style-css-av-6tt1sp-d198f084a3d542110073dda789daf99e\">\n#top .hr.hr-invisible.av-6tt1sp-d198f084a3d542110073dda789daf99e{\nheight:80px;\n}\n<\/style>\n<div class='hr av-6tt1sp-d198f084a3d542110073dda789daf99e hr-invisible avia-builder-el-3 el_before_av_heading avia-builder-el-first '><span class='hr-inner '><span class=\"hr-inner-style\"><\/span><\/span><\/div><br \/>\n\n<style type=\"text\/css\" data-created_by=\"avia_inline_auto\" id=\"style-css-av-ldylgz7f-1a3c1983007db9cc4ad49a275b690c6f\">\n#top .av-special-heading.av-ldylgz7f-1a3c1983007db9cc4ad49a275b690c6f{\npadding-bottom:10px;\ncolor:#ffffff;\n}\nbody .av-special-heading.av-ldylgz7f-1a3c1983007db9cc4ad49a275b690c6f .av-special-heading-tag .heading-char{\nfont-size:25px;\n}\n.av-special-heading.av-ldylgz7f-1a3c1983007db9cc4ad49a275b690c6f .special-heading-inner-border{\nborder-color:#ffffff;\n}\n.av-special-heading.av-ldylgz7f-1a3c1983007db9cc4ad49a275b690c6f .av-subheading{\nfont-size:15px;\n}\n<\/style>\n<div id='4a77d85ea1c30d64a3d640e449679359' class='av-special-heading av-ldylgz7f-1a3c1983007db9cc4ad49a275b690c6f av-special-heading-h1 custom-color-heading blockquote modern-quote avia-builder-el-4 el_after_av_hr el_before_av_hr '><h1 class='av-special-heading-tag ' itemprop=\"headline\" >Certificat CFST<\/h1><div class=\"special-heading-border\"><div class=\"special-heading-inner-border\"><\/div><\/div><\/div><br \/>\n\n<style type=\"text\/css\" data-created_by=\"avia_inline_auto\" id=\"style-css-av-5cxra1-a15069d1488dc63b274be17fd05463e7\">\n#top .hr.hr-invisible.av-5cxra1-a15069d1488dc63b274be17fd05463e7{\nheight:80px;\n}\n<\/style>\n<div class='hr av-5cxra1-a15069d1488dc63b274be17fd05463e7 hr-invisible avia-builder-el-5 el_after_av_heading avia-builder-el-last '><span class='hr-inner '><span class=\"hr-inner-style\"><\/span><\/span><\/div><\/p>\n<\/div><\/div>\n<\/div><div id='after_grid_row_1' class='main_color av_default_container_wrap container_wrap sidebar_right' style=' ' ><div class='container' ><div class='template-page content av-content-small alpha units'><div class='post-entry post-entry-type-page post-entry-4166'><div class='entry-content-wrapper clearfix'>\n\n<style type=\"text\/css\" data-created_by=\"avia_inline_auto\" id=\"style-css-av-4gnmux-e30bea6a187fcb485f014f58e3a5dfaa\">\n.flex_column.av-4gnmux-e30bea6a187fcb485f014f58e3a5dfaa{\nborder-radius:0px 0px 0px 0px;\npadding:0px 0px 0px 0px;\n}\n<\/style>\n<div class='flex_column av-4gnmux-e30bea6a187fcb485f014f58e3a5dfaa av_one_full avia-builder-el-6 el_after_av_layout_row el_before_av_one_half avia-builder-el-first first flex_column_div av-zero-column-padding ' ><p>\n<style type=\"text\/css\" data-created_by=\"avia_inline_auto\" id=\"style-css-av-ldylgrfk-80d8b53ecb85b97bd775742f5dceb00b\">\n#top .av-special-heading.av-ldylgrfk-80d8b53ecb85b97bd775742f5dceb00b{\npadding-bottom:10px;\n}\nbody .av-special-heading.av-ldylgrfk-80d8b53ecb85b97bd775742f5dceb00b .av-special-heading-tag .heading-char{\nfont-size:25px;\n}\n.av-special-heading.av-ldylgrfk-80d8b53ecb85b97bd775742f5dceb00b .av-subheading{\nfont-size:15px;\n}\n<\/style>\n<div id='00cb3e9d8d92f9f1b13f14a6050edec1' class='av-special-heading av-ldylgrfk-80d8b53ecb85b97bd775742f5dceb00b av-special-heading-h3 blockquote modern-quote avia-builder-el-7 el_before_av_hr avia-builder-el-first '><h3 class='av-special-heading-tag ' itemprop=\"headline\" >Certificat CFST 2023-2027<\/h3><div class=\"special-heading-border\"><div class=\"special-heading-inner-border\"><\/div><\/div><\/div><br \/>\n\n<style type=\"text\/css\" data-created_by=\"avia_inline_auto\" id=\"style-css-av-26klop-2af11def74543826dae13b7f452ae283\">\n#top .hr.av-26klop-2af11def74543826dae13b7f452ae283{\nmargin-top:5px;\nmargin-bottom:20px;\n}\n.hr.av-26klop-2af11def74543826dae13b7f452ae283 .hr-inner{\nwidth:100px;\nborder-color:#fe0000;\n}\n<\/style>\n<div class='hr av-26klop-2af11def74543826dae13b7f452ae283 hr-custom avia-builder-el-8 el_after_av_heading avia-builder-el-last hr-left hr-icon-no'><span class='hr-inner inner-border-av-border-fat'><span class=\"hr-inner-style\"><\/span><\/span><\/div><\/p><\/div>\n<style type=\"text\/css\" data-created_by=\"avia_inline_auto\" id=\"style-css-av-6n83d-9513358a25ca92960f40fcf92f8676b0\">\n.flex_column.av-6n83d-9513358a25ca92960f40fcf92f8676b0{\nborder-radius:0px 0px 0px 0px;\npadding:0px 0px 0px 0px;\n}\n<\/style>\n<div class='flex_column av-6n83d-9513358a25ca92960f40fcf92f8676b0 av_one_half avia-builder-el-9 el_after_av_one_full el_before_av_one_half first flex_column_div av-zero-column-padding column-top-margin' ><section class='av_textblock_section av-ldyljraq-d979e2d245714c542e87295d2533e44b ' itemscope=\"itemscope\" itemtype=\"https:\/\/schema.org\/CreativeWork\" ><div class='avia_textblock' itemprop=\"text\" ><h3>Certificat CFST pour installations de traitement des ordures m\u00e9nag\u00e8res, d\u00e9charges, installations de biomasse, installations de tri des m\u00e2chefers, centres de collecte s\u00e9lective (CFST n\u00b0 G07)<\/h3>\n<p><span style=\"color: #f7053e;\"><a style=\"color: #f7053e;\" href=\"https:\/\/www.asivbsa.swiss\/wp-content\/uploads\/2023\/06\/EKAS_Zertifikat_2022-2027_F.pdf\">Certificat CFST 2022-2027<\/a><\/span><\/p>\n<p>valable jusqu&rsquo;au 30\/11\/2027<\/p>\n<\/div><\/section><\/div><\/p>\n\n<style type=\"text\/css\" data-created_by=\"avia_inline_auto\" id=\"style-css-av-55vrrd-4e9c6b726d1fc06951cd29c3e3dabfd5\">\n.flex_column.av-55vrrd-4e9c6b726d1fc06951cd29c3e3dabfd5{\nborder-radius:0px 0px 0px 0px;\npadding:0px 0px 0px 0px;\n}\n<\/style>\n<div class='flex_column av-55vrrd-4e9c6b726d1fc06951cd29c3e3dabfd5 av_one_half avia-builder-el-11 el_after_av_one_half avia-builder-el-last flex_column_div av-zero-column-padding column-top-margin' ><style type=\"text\/css\" data-created_by=\"avia_inline_auto\" id=\"style-css-av-4qq2p5-dec8a566fda3e0cb40c3221a67e464dc\">\n.avia-image-container.av-4qq2p5-dec8a566fda3e0cb40c3221a67e464dc img.avia_image{\nbox-shadow:none;\n}\n.avia-image-container.av-4qq2p5-dec8a566fda3e0cb40c3221a67e464dc .av-image-caption-overlay-center{\ncolor:#ffffff;\n}\n<\/style>\n<div class='avia-image-container av-4qq2p5-dec8a566fda3e0cb40c3221a67e464dc av-styling- avia-align-center avia-builder-el-12 avia-builder-el-no-sibling ' itemprop=\"image\" itemscope=\"itemscope\" itemtype=\"https:\/\/schema.org\/ImageObject\" ><div class=\"avia-image-container-inner\"><div class=\"avia-image-overlay-wrap\"><img decoding=\"async\" fetchpriority=\"high\" class='wp-image-4288 avia-img-lazy-loading-not-4288 avia_image ' src=\"https:\/\/www.asivbsa.swiss\/wp-content\/uploads\/2023\/06\/Bildschirmfoto-2023-06-15-um-10.42.11.png\" alt='' title='Bildschirmfoto 2023-06-15 um 10.42.11' height=\"968\" width=\"681\" itemprop=\"thumbnailUrl\" srcset=\"https:\/\/www.asivbsa.swiss\/wp-content\/uploads\/2023\/06\/Bildschirmfoto-2023-06-15-um-10.42.11.png 681w, https:\/\/www.asivbsa.swiss\/wp-content\/uploads\/2023\/06\/Bildschirmfoto-2023-06-15-um-10.42.11-211x300.png 211w, https:\/\/www.asivbsa.swiss\/wp-content\/uploads\/2023\/06\/Bildschirmfoto-2023-06-15-um-10.42.11-496x705.png 496w\" sizes=\"(max-width: 681px) 100vw, 681px\" \/><\/div><\/div><\/div><\/div>\n","protected":false},"excerpt":{"rendered":"","protected":false},"author":3,"featured_media":0,"parent":0,"menu_order":3,"comment_status":"closed","ping_status":"closed","template":"","meta":{"_acf_changed":false,"footnotes":""},"class_list":["post-4166","page","type-page","status-publish","hentry"],"acf":[],"_links":{"self":[{"href":"https:\/\/www.asivbsa.swiss\/fr\/wp-json\/wp\/v2\/pages\/4166","targetHints":{"allow":["GET"]}}],"collection":[{"href":"https:\/\/www.asivbsa.swiss\/fr\/wp-json\/wp\/v2\/pages"}],"about":[{"href":"https:\/\/www.asivbsa.swiss\/fr\/wp-json\/wp\/v2\/types\/page"}],"author":[{"embeddable":true,"href":"https:\/\/www.asivbsa.swiss\/fr\/wp-json\/wp\/v2\/users\/3"}],"replies":[{"embeddable":true,"href":"https:\/\/www.asivbsa.swiss\/fr\/wp-json\/wp\/v2\/comments?post=4166"}],"version-history":[{"count":10,"href":"https:\/\/www.asivbsa.swiss\/fr\/wp-json\/wp\/v2\/pages\/4166\/revisions"}],"predecessor-version":[{"id":9831,"href":"https:\/\/www.asivbsa.swiss\/fr\/wp-json\/wp\/v2\/pages\/4166\/revisions\/9831"}],"wp:attachment":[{"href":"https:\/\/www.asivbsa.swiss\/fr\/wp-json\/wp\/v2\/media?parent=4166"}],"curies":[{"name":"wp","href":"https:\/\/api.w.org\/{rel}","templated":true}]}}