{"id":4048,"date":"2023-06-09T11:36:43","date_gmt":"2023-06-09T09:36:43","guid":{"rendered":"https:\/\/dyfomopo.cyon.site\/?page_id=4048"},"modified":"2026-03-31T14:19:40","modified_gmt":"2026-03-31T12:19:40","slug":"delegues-de-securite-par-entreprise","status":"publish","type":"page","link":"https:\/\/www.asivbsa.swiss\/fr\/delegues-de-securite-par-entreprise\/","title":{"rendered":"D\u00e9l\u00e9gues de s\u00e9curit\u00e9 par entreprise"},"content":{"rendered":"<div id='av-layout-grid-1' class='av-layout-grid-container av-hthrxb-c0bd3b0eaae3408e5877a2b6fb191b20 entry-content-wrapper main_color av-flex-cells avia-builder-el-0 el_before_av_heading avia-builder-el-first container_wrap sidebar_right' >\n\n<style type=\"text\/css\" data-created_by=\"avia_inline_auto\" id=\"style-css-av-fhpfyn-325139c862af38948ce158ccd8ef1333\">\n.flex_cell.av-fhpfyn-325139c862af38948ce158ccd8ef1333{\nvertical-align:middle;\nheight:500px;\nmin-height:500px;\nbackground:url(https:\/\/www.asivbsa.swiss\/wp-content\/uploads\/2023\/06\/image001.jpg) 50% 50% no-repeat scroll #fe0000;\n}\n.responsive #top #wrap_all .flex_cell.av-fhpfyn-325139c862af38948ce158ccd8ef1333{\npadding:0px 0px 0px 0px !important;\n}\n<\/style>\n<div class='flex_cell av-fhpfyn-325139c862af38948ce158ccd8ef1333 av-gridrow-cell av_one_half no_margin avia-builder-el-1 el_before_av_cell_one_half avia-builder-el-first content-align-middle av-zero-padding avia-full-stretch' ><div class='flex_cell_inner'><\/div><\/div>\n<style type=\"text\/css\" data-created_by=\"avia_inline_auto\" id=\"style-css-av-dlu0zz-702f538d6c18951a2a8f6b6166179617\">\n.flex_cell.av-dlu0zz-702f538d6c18951a2a8f6b6166179617{\nvertical-align:middle;\nheight:500px;\nmin-height:500px;\nbackground-color:#fe0000;\n}\n.responsive #top #wrap_all .flex_cell.av-dlu0zz-702f538d6c18951a2a8f6b6166179617{\npadding:80px 80px 80px 80px !important;\n}\n<\/style>\n<div class='flex_cell av-dlu0zz-702f538d6c18951a2a8f6b6166179617 av-gridrow-cell av_one_half no_margin avia-builder-el-2 el_after_av_cell_one_half avia-builder-el-last content-align-middle' ><div class='flex_cell_inner'><p>\n<style type=\"text\/css\" data-created_by=\"avia_inline_auto\" id=\"style-css-av-d2gsov-4baa57de938812e0ce29d80b721dc497\">\n#top .hr.hr-invisible.av-d2gsov-4baa57de938812e0ce29d80b721dc497{\nheight:80px;\n}\n<\/style>\n<div class='hr av-d2gsov-4baa57de938812e0ce29d80b721dc497 hr-invisible avia-builder-el-3 el_before_av_heading avia-builder-el-first '><span class='hr-inner '><span class=\"hr-inner-style\"><\/span><\/span><\/div><br \/>\n\n<style type=\"text\/css\" data-created_by=\"avia_inline_auto\" id=\"style-css-av-li4hxnk8-5b509b17d95c55ef99e30432bf9089b7\">\n#top .av-special-heading.av-li4hxnk8-5b509b17d95c55ef99e30432bf9089b7{\npadding-bottom:10px;\ncolor:#ffffff;\n}\nbody .av-special-heading.av-li4hxnk8-5b509b17d95c55ef99e30432bf9089b7 .av-special-heading-tag .heading-char{\nfont-size:25px;\n}\n.av-special-heading.av-li4hxnk8-5b509b17d95c55ef99e30432bf9089b7 .special-heading-inner-border{\nborder-color:#ffffff;\n}\n.av-special-heading.av-li4hxnk8-5b509b17d95c55ef99e30432bf9089b7 .av-subheading{\nfont-size:15px;\n}\n<\/style>\n<div id='1709e51869eb544fc3fcd5b4e7577dca' class='av-special-heading av-li4hxnk8-5b509b17d95c55ef99e30432bf9089b7 av-special-heading-h1 custom-color-heading blockquote modern-quote avia-builder-el-4 el_after_av_hr el_before_av_hr '><h1 class='av-special-heading-tag ' itemprop=\"headline\" >D\u00e9l\u00e9gu\u00e9.es de s\u00e9curit\u00e9 par entreprise<\/h1><div class=\"special-heading-border\"><div class=\"special-heading-inner-border\"><\/div><\/div><\/div><br \/>\n\n<style type=\"text\/css\" data-created_by=\"avia_inline_auto\" id=\"style-css-av-at7rrj-c129ffe8b1e245b546a679e38e2cd60d\">\n#top .hr.hr-invisible.av-at7rrj-c129ffe8b1e245b546a679e38e2cd60d{\nheight:80px;\n}\n<\/style>\n<div class='hr av-at7rrj-c129ffe8b1e245b546a679e38e2cd60d hr-invisible avia-builder-el-5 el_after_av_heading avia-builder-el-last '><span class='hr-inner '><span class=\"hr-inner-style\"><\/span><\/span><\/div><\/p>\n<\/div><\/div>\n<\/div><div id='after_grid_row_1' class='main_color av_default_container_wrap container_wrap sidebar_right' style=' ' ><div class='container' ><div class='template-page content av-content-small alpha units'><div class='post-entry post-entry-type-page post-entry-4048'><div class='entry-content-wrapper clearfix'>\n\n<style type=\"text\/css\" data-created_by=\"avia_inline_auto\" id=\"style-css-av-caop4sv-ee09dd8d3c3562ae01ebeed346c93989\">\n#top .av-special-heading.av-caop4sv-ee09dd8d3c3562ae01ebeed346c93989{\npadding-bottom:10px;\n}\nbody .av-special-heading.av-caop4sv-ee09dd8d3c3562ae01ebeed346c93989 .av-special-heading-tag .heading-char{\nfont-size:25px;\n}\n.av-special-heading.av-caop4sv-ee09dd8d3c3562ae01ebeed346c93989 .av-subheading{\nfont-size:15px;\n}\n<\/style>\n<div id='0e0ec79668a26d5a0775ec07c9e65fc9' class='av-special-heading av-caop4sv-ee09dd8d3c3562ae01ebeed346c93989 av-special-heading-h3 custom-color-heading blockquote modern-quote avia-builder-el-6 el_after_av_layout_row el_before_av_hr avia-builder-el-first '><h3 class='av-special-heading-tag ' itemprop=\"headline\" >Les d\u00e9l\u00e9gu\u00e9.es de s\u00e9curit\u00e9 \u00e9valuent les risques et coordonnent la s\u00e9curit\u00e9 au travail et la protection de la sant\u00e9 pour les coll\u00e8gues. <\/h3><div class=\"special-heading-border\"><div class=\"special-heading-inner-border\"><\/div><\/div><\/div>\n\n<style type=\"text\/css\" data-created_by=\"avia_inline_auto\" id=\"style-css-av-c8yzrnz-cb5c4e75ca10ddd1fb89266d836bc0fe\">\n#top .hr.av-c8yzrnz-cb5c4e75ca10ddd1fb89266d836bc0fe{\nmargin-top:5px;\nmargin-bottom:20px;\n}\n.hr.av-c8yzrnz-cb5c4e75ca10ddd1fb89266d836bc0fe .hr-inner{\nwidth:100px;\nborder-color:#fe0000;\n}\n<\/style>\n<div class='hr av-c8yzrnz-cb5c4e75ca10ddd1fb89266d836bc0fe hr-custom avia-builder-el-7 el_after_av_heading el_before_av_one_full hr-left hr-icon-no'><span class='hr-inner inner-border-av-border-fat'><span class=\"hr-inner-style\"><\/span><\/span><\/div>\n\n<style type=\"text\/css\" data-created_by=\"avia_inline_auto\" id=\"style-css-av-c7kda3j-b0207e35f66bbb10a23136358cce4a63\">\n.flex_column.av-c7kda3j-b0207e35f66bbb10a23136358cce4a63{\nborder-radius:0px 0px 0px 0px;\npadding:0px 0px 0px 0px;\n}\n<\/style>\n<div class='flex_column av-c7kda3j-b0207e35f66bbb10a23136358cce4a63 av_one_full avia-builder-el-8 el_after_av_hr el_before_av_one_full first flex_column_div av-zero-column-padding ' ><div class='avia-data-table-wrap av-c5g55in-e952055cc9fde679f3ff85cf1cce9d01 avia_responsive_table avia-table-1'><table class='avia-table avia-data-table avia_pricing_default avia-builder-el-9 avia-builder-el-no-sibling ' itemscope=\"itemscope\" itemtype=\"https:\/\/schema.org\/Table\" ><tbody><tr class='avia-heading-row'><th class=''>D\u00e9charges<\/th><th class=''>D\u00e9S\u00e9<\/th><th class=''>Courriel<\/th><\/tr><tr class=''><td class=''>Buchserberg<\/p>\n<p><\/td><td class=''>Pirmin Hobi,<br \/>\nPatrick Scherrer<\/td><td class=''>primin.hobi@vfa-buchs.ch<br \/>\npatrick.scherrer@vfa-buchs.ch<\/td><\/tr><tr class=''><td class=''>Burgauerfeld<\/p>\n<p><\/td><td class=''>Claudio Bianculli<\/td><td class=''>claudio.bianculli@zab.ch<\/td><\/tr><tr class=''><td class=''>CELTOR<\/p>\n<p><\/td><td class=''>B\u00e9at G\u00e9rber<\/td><td class=''>beat.gerber@celtor.ch<\/td><\/tr><tr class=''><td class=''>Ch\u00e2tillon<\/p>\n<p><\/td><td class=''>Aur\u00e9lia Pittion<\/td><td class=''>aurelia.pittion@sig-ge.ch<\/td><\/tr><tr class=''><td class=''>Cholwald<\/p>\n<p><\/td><td class=''>Werner Huber<\/td><td class=''>werner.huber@kvvnw.ch<\/td><\/tr><tr class=''><td class=''>Eielen<\/td><td class=''>Lukas Schuler<\/td><td class=''>lukas.schuler@zaku.ch<\/td><\/tr><tr class=''><td class=''>EGS Unterrealta, Cazis l <\/td><td class=''><\/td><td class=''><\/td><\/tr><tr class=''><td class=''>Cazis ll<\/td><td class=''><\/td><td class=''><\/td><\/tr><tr class=''><td class=''>E.S.R<\/p>\n<p><\/td><td class=''>Eloisa Rscigno<\/td><td class=''>e.rescigno@aziendarifiuti.ch<\/td><\/tr><tr class=''><td class=''>M\u00fchletobel Kehlhof<\/td><td class=''>Dieter N\u00e4geli<\/td><td class=''>dieter.naegeli@kvatg.ch<\/td><\/tr><tr class=''><td class=''>Laufengraben<\/p>\n<p><\/td><td class=''>Andreas Utiger<\/td><td class=''>andreas.utiger@bluewin.ch<\/td><\/tr><tr class=''><td class=''>Plaun Grond, Surselva<br \/>\n<\/td><td class=''>Guido Bass<\/td><td class=''>guido.bass@surselva.ch<\/td><\/tr><tr class=''><td class=''>Riet<br \/>\n<\/td><td class=''>Jan Schiltknecht<\/td><td class=''>jan.schiltknecht@win.ch<\/td><\/tr><tr class=''><td class=''>SEOD<\/p>\n<p><\/td><td class=''>Jean-Charles Allimann<\/td><td class=''>d\u00f6charge@seod.ch<\/td><\/tr><tr class=''><td class=''>SMDK<br \/>\n<\/td><td class=''>Hubert Vogel<\/td><td class=''>vogel@smdk.ch<\/td><\/tr><tr class=''><td class=''>Tambrig<\/td><td class=''>Josef Binzegger<\/td><td class=''>j.binzegger@spross.com<\/td><\/tr><tr class=''><td class=''>T\u00fcfentobel<\/td><td class=''>Renato K\u00fcnzi<\/td><td class=''>r.kuenzi@teuftal.ch<\/td><\/tr><tr class=''><td class=''>T\u00fcrliacher, Steinigand, Utigen<\/td><td class=''>Reto Riesen<\/td><td class=''>r.riesen@avag.ch<\/td><\/tr><tr class=''><td class=''>Wissenb\u00fcel<\/td><td class=''>Mark Wettstein<\/td><td class=''>mark.wettstein@kezo.ch<\/td><\/tr><\/tbody><\/table><\/div><style type='text\/css'>.avia-table-1 td:nth-of-type(1):before { content: 'D\u00e9charges'; } .avia-table-1 td:nth-of-type(2):before { content: 'D\u00e9S\u00e9'; } .avia-table-1 td:nth-of-type(3):before { content: 'Courriel'; } <\/style><\/div>\n<style type=\"text\/css\" data-created_by=\"avia_inline_auto\" id=\"style-css-av-weay8v-1c6279e33ad7b806395d0eb5866c3e68\">\n.flex_column.av-weay8v-1c6279e33ad7b806395d0eb5866c3e68{\nborder-radius:0px 0px 0px 0px;\npadding:0px 0px 0px 0px;\n}\n<\/style>\n<div class='flex_column av-weay8v-1c6279e33ad7b806395d0eb5866c3e68 av_one_full avia-builder-el-10 el_after_av_one_full el_before_av_one_full first flex_column_div av-zero-column-padding column-top-margin' ><div class='avia-data-table-wrap av-w3y81b-7036a65bec1d4e417404fc49b77dced8 avia_responsive_table avia-table-2'><table class='avia-table avia-data-table avia_pricing_default avia-builder-el-11 avia-builder-el-no-sibling ' itemscope=\"itemscope\" itemtype=\"https:\/\/schema.org\/Table\" ><tbody><tr class='avia-heading-row'><th class=''>Biomasse\/Installations de m\u00e9thanisation<\/th><th class=''>D\u00e9S\u00e9<\/th><th class=''>Courriel<br \/>\n<\/th><\/tr><tr class=''><td class=''>Buchs<br \/>\nSG<\/td><td class=''>Primin Hobi,<br \/>\nPatrick Scherrer<\/td><td class=''>pirmin.hobi@vfa-buchs.ch<br \/>\npatrick.scherrer@vfa-buchs.ch<\/td><\/tr><tr class=''><td class=''>CELTOR<\/p>\n<p><\/td><td class=''>B\u00e9at Gerber<br \/>\n<\/td><td class=''>beat.gerber@celtor.ch<\/td><\/tr><tr class=''><td class=''>KEWU AG<\/td><td class=''>Andreas Utiger<br \/>\n<\/td><td class=''>andreas.utiger@bluewin.ch<\/td><\/tr><tr class=''><td class=''>La Chaux-de-Fonds<\/td><td class=''>Dominique Mary<\/td><td class=''>dominique.mary@vadec.ch<\/td><\/tr><tr class=''><td class=''>Oberland Energie AG Wimmis<\/td><td class=''>Reto Riesen<\/td><td class=''>reto.riesenn@avag.ch<\/td><\/tr><tr class=''><td class=''><\/td><td class=''><\/td><td class=''><\/td><\/tr><tr class=''><td class=''><\/td><td class=''><\/td><td class=''><\/td><\/tr><tr class='avia-heading-row'><th class=''>Tri de Scories<\/th><th class=''>D\u00e9S\u00e9<\/th><th class=''>Courriel<\/th><\/tr><tr class=''><td class=''>Gebr. Lienhard Transporte<\/td><td class=''>Peter Lienhard<\/td><td class=''>info@gebruederlienhard.ch<\/td><\/tr><tr class=''><td class=''>Scories Cheneviers<\/td><td class=''>Aur\u00e9lia Pittion<\/td><td class=''>aurelia.pittion@sig-ge.ch<\/td><\/tr><tr class=''><td class=''>Scories SAIDEF<\/td><td class=''>David Martinez<\/td><td class=''>david.martinez@saidef.ch<\/td><\/tr><tr class=''><td class=''>Schlackensortierung KEZO, ZAV<\/td><td class=''>Remo B\u00fcchi<\/td><td class=''>remo.buechi@zav-recycling.ch<\/td><\/tr><tr class=''><td class=''>Schlackensortierung Teuftal<\/td><td class=''>Renato K\u00fcnzi<\/td><td class=''>r.kuenzi@teuftal.ch<\/td><\/tr><tr class=''><td class=''>Schlackensortierung KVA Linth<\/td><td class=''>Stefan Ringmann<\/td><td class=''>s.ringmann@kva-linth.ch<\/td><\/tr><tr class=''><td class=''>Schlackensortierung Deponie Eielen ZAKU<\/td><td class=''>Lukas Schuler<\/td><td class=''>lukas.schuler@zaku.ch<\/td><\/tr><tr class=''><td class=''>Schlackensortierung KEWU AG<\/td><td class=''>Andreas Utiger<\/td><td class=''>utiger@kewu.ch<\/td><\/tr><tr class=''><td class=''>Schlackensortierung Vfa Buchs SG<\/td><td class=''>Patrick Scherrer<br \/>\nRico Nigg<\/td><td class=''>patrick.scherrer@vfa-buchs.ch<br \/>\nrico.nigg@vfa-buchs.ch<\/td><\/tr><tr class=''><td class=''><\/td><td class=''><\/td><td class=''><\/td><\/tr><tr class='avia-heading-row'><th class=''>Centres de Tri<\/th><th class=''>D\u00e9S\u00e9<\/th><th class=''>Courriel<\/th><\/tr><tr class=''><td class=''>Buchs SG<\/td><td class=''>Patrick Scherrer,<br \/>\nPrimin Hobi<\/td><td class=''>patrick.scherrer@vfa-buchs.ch<br \/>\npirmin.hobi@vfa-buchs.ch<\/td><\/tr><tr class=''><td class=''>Ch\u00e2tillon<\/td><td class=''>Aur\u00e9lia Pittion<\/td><td class=''>aurelia.pittion@sig-ge.ch<\/td><\/tr><tr class=''><td class=''>Entsorgungszentrum Jaberg, Frutigen<\/td><td class=''>Reto Riesen<\/td><td class=''>r.riesen@avag.ch<\/td><\/tr><tr class=''><td class=''>RAZ Hefenhofen<\/td><td class=''>Ueli Berger<\/td><td class=''>ueli.bergeri@kvatg.ch<\/td><\/tr><tr class=''><td class=''>RAZ Weinfelden <\/td><td class=''>Ueli Berger<\/td><td class=''>Ueli.berger@kvatg.ch<\/td><\/tr><tr class=''><td class=''>Strid SA<\/td><td class=''>St\u00e9phane Willommet<\/td><td class=''>s.willommet@strid.ch<\/td><\/tr><tr class=''><td class=''>Uvrier<\/td><td class=''>Florine Luisier<\/td><td class=''>florine.luisier@enevi.ch<\/td><\/tr><tr class=''><td class=''>ZAB Easydrive<br \/>\n<\/td><td class=''>Altay Koc<\/td><td class=''>altay.koc@zab.ch<\/td><\/tr><tr class=''><td class=''>Z\u00fcrich<\/td><td class=''>Robert J\u00e4ggi<\/td><td class=''>robert.jaeggi@zuerich.ch<\/td><\/tr><\/tbody><\/table><\/div><style type='text\/css'>.avia-table-2 td:nth-of-type(1):before { content: 'Biomasse\/Installations de m\u00e9thanisation'; } .avia-table-2 td:nth-of-type(2):before { content: 'D\u00e9S\u00e9'; } .avia-table-2 td:nth-of-type(3):before { content: 'Courriel\n'; } <\/style><\/div><\/p>\n\n<style type=\"text\/css\" data-created_by=\"avia_inline_auto\" id=\"style-css-av-5hgh8v-9a4c78bfdb4292cad3bb2fd257fd3604\">\n.flex_column.av-5hgh8v-9a4c78bfdb4292cad3bb2fd257fd3604{\nborder-radius:0px 0px 0px 0px;\npadding:0px 0px 0px 0px;\n}\n<\/style>\n<div class='flex_column av-5hgh8v-9a4c78bfdb4292cad3bb2fd257fd3604 av_one_full avia-builder-el-12 el_after_av_one_full avia-builder-el-last first flex_column_div av-zero-column-padding column-top-margin' ><div class='avia-data-table-wrap av-5l728n3-b8eeb667e2b16bb24064dc1ef11bd021 avia_responsive_table avia-table-3'><table class='avia-table avia-data-table avia_pricing_default avia-builder-el-13 avia-builder-el-no-sibling ' itemscope=\"itemscope\" itemtype=\"https:\/\/schema.org\/Table\" ><tbody><tr class='avia-heading-row'><th class=''>UVTD<\/th><th class=''>D\u00e9S\u00e9<br \/>\n<\/th><th class=''>Courriel<br \/>\n<\/th><\/tr><tr class=''><td class=''>Aarberg HKW<\/td><td class=''>Reto Riesen<\/td><td class=''>r.riesen@avag.ch<\/td><\/tr><tr class=''><td class=''>Basel<\/td><td class=''>Pascal Huwiler<\/td><td class=''>pascal.huwiler@iwb.ch<br \/>\n<\/td><\/tr><tr class=''><td class=''>Bazenheid<\/td><td class=''>Altay Koc<\/td><td class=''>altay.koc@zab.ch<\/p>\n<p><\/td><\/tr><tr class=''><td class=''>Bern<\/td><td class=''>Stefan Lengacher<\/td><td class=''>stefan.lengacher@ewb.ch<\/td><\/tr><tr class=''><td class=''>Bienne<\/td><td class=''>Florim Berisha<\/td><td class=''>florim.berisha@mueve.ch<\/td><\/tr><tr class=''><td class=''>Buchs AG<\/td><td class=''>Curdin Christen<\/td><td class=''>c.christen@kva-buchs.ch<\/td><\/tr><tr class=''><td class=''>Buchs<br \/>\nSG<br \/>\n<\/td><td class=''>Patrick Scherrer,<br \/>\nPirmin Hobi<\/td><td class=''>patrick.scherrer@vfa-buchs.ch<br \/>\npirmin.hobi@vfa-buchs.ch<\/td><\/tr><tr class=''><td class=''>Colombier<\/td><td class=''>Dominique Mary<\/td><td class=''>dominique.mary@vadec.ch<\/td><\/tr><tr class=''><td class=''>Fribourg<\/td><td class=''>Henri Klunge<\/td><td class=''>henri.klunge@saidef.ch<\/td><\/tr><tr class=''><td class=''>Gamsen<\/td><td class=''>Mathias Zenklusen<\/td><td class=''>mathias.zenklusen@abfall-oberwallis.ch<\/td><\/tr><tr class=''><td class=''>Gen\u00e8ve<\/td><td class=''>Aur\u00e9lia Pittion<\/td><td class=''>aurelia.pittion@sig-ge.ch<\/td><\/tr><tr class=''><td class=''>Giubiasco<\/td><td class=''>Eloisa Rescigno<\/td><td class=''>e.rescigno@aziendarifiuti.ch<\/td><\/tr><tr class=''><td class=''>Hinwil<\/td><td class=''>Mark Wettstein<\/td><td class=''>mark.wettstein@kezo.ch<br \/>\n<\/td><\/tr><tr class=''><td class=''>Horgen<\/td><td class=''>Hugo Camenzind<\/td><td class=''>hugo.camenzind@ezi.ch<\/td><\/tr><tr class=''><td class=''>La-Chaux-de-Fonds<\/td><td class=''>Dominique Mary<\/td><td class=''>dominique.mary@vadec.ch<\/td><\/tr><tr class=''><td class=''>Lausanne<\/td><td class=''>Gr\u00e9gory Vaucher<\/td><td class=''>gregory.vaucher@tridel.ch<\/td><\/tr><tr class=''><td class=''>Limmattal<\/td><td class=''>Michael Schwegler<\/td><td class=''>michael.schwegler@limeco.ch<\/td><\/tr><tr class=''><td class=''>Linth<\/td><td class=''>Stefan Ringmann<\/td><td class=''>s.ringmann@kva.linth.ch<\/td><\/tr><tr class=''><td class=''>Monthey<\/td><td class=''>Xavier Pelet<\/td><td class=''>xavier.pelet@satomsa.ch<\/td><\/tr><tr class=''><td class=''>Oftringen<\/td><td class=''>Fritz Tauer<\/td><td class=''>fritz.tauer@erzo.ch<\/td><\/tr><tr class=''><td class=''>Renergia <\/td><td class=''>Christoph Birchmeier<\/td><td class=''>christoph.birchmeier@renergia.ch<\/td><\/tr><tr class=''><td class=''>Reni AG<\/td><td class=''>Ivan Posavec<\/td><td class=''>ivan.posavec@modelgroup.com<\/td><\/tr><tr class=''><td class=''>St. Gallen<\/td><td class=''>Simon Peter<\/td><td class=''>simon.peter@stadt.sg.ch<\/td><\/tr><tr class=''><td class=''>Thoune<\/td><td class=''>Reto Riesen<\/td><td class=''>r.riesen@avag.ch<\/td><\/tr><tr class=''><td class=''>Turgi<\/td><td class=''>Peter Zeller<\/td><td class=''>p.zeller@kvaturgi.ch<\/td><\/tr><tr class=''><td class=''>Untervaz<\/td><td class=''>Wolfgang Bux<\/td><td class=''>wolfgang.bux@gevag.ch<\/td><\/tr><tr class=''><td class=''>Uvrier<\/td><td class=''>Florine Luisier<\/td><td class=''>florine.luisier@enevi.ch<\/td><\/tr><tr class=''><td class=''>Weinfelden<\/td><td class=''>Ueli Berger<\/td><td class=''>ueli.berger@kvatg.ch<\/td><\/tr><tr class=''><td class=''>Winterthur<\/td><td class=''>Stefan Hoppe<\/td><td class=''>stefan.hoppe@win.ch<\/td><\/tr><tr class=''><td class=''>Zuchwil<\/td><td class=''>Kevin Jenny<\/td><td class=''>kevin.jenny@kenova.ch<\/td><\/tr><tr class=''><td class=''>Z\u00fcrich<\/td><td class=''>Robert J\u00e4ggi<\/td><td class=''>robert.jaeggi@zuerich.ch<\/td><\/tr><\/tbody><\/table><\/div><style type='text\/css'>.avia-table-3 td:nth-of-type(1):before { content: 'UVTD'; } .avia-table-3 td:nth-of-type(2):before { content: 'D\u00e9S\u00e9\n'; } .avia-table-3 td:nth-of-type(3):before { content: 'Courriel\n'; } <\/style><\/div>\n","protected":false},"excerpt":{"rendered":"","protected":false},"author":6,"featured_media":0,"parent":0,"menu_order":9,"comment_status":"closed","ping_status":"closed","template":"","meta":{"_acf_changed":false,"footnotes":""},"class_list":["post-4048","page","type-page","status-publish","hentry"],"acf":[],"_links":{"self":[{"href":"https:\/\/www.asivbsa.swiss\/fr\/wp-json\/wp\/v2\/pages\/4048","targetHints":{"allow":["GET"]}}],"collection":[{"href":"https:\/\/www.asivbsa.swiss\/fr\/wp-json\/wp\/v2\/pages"}],"about":[{"href":"https:\/\/www.asivbsa.swiss\/fr\/wp-json\/wp\/v2\/types\/page"}],"author":[{"embeddable":true,"href":"https:\/\/www.asivbsa.swiss\/fr\/wp-json\/wp\/v2\/users\/6"}],"replies":[{"embeddable":true,"href":"https:\/\/www.asivbsa.swiss\/fr\/wp-json\/wp\/v2\/comments?post=4048"}],"version-history":[{"count":51,"href":"https:\/\/www.asivbsa.swiss\/fr\/wp-json\/wp\/v2\/pages\/4048\/revisions"}],"predecessor-version":[{"id":10195,"href":"https:\/\/www.asivbsa.swiss\/fr\/wp-json\/wp\/v2\/pages\/4048\/revisions\/10195"}],"wp:attachment":[{"href":"https:\/\/www.asivbsa.swiss\/fr\/wp-json\/wp\/v2\/media?parent=4048"}],"curies":[{"name":"wp","href":"https:\/\/api.w.org\/{rel}","templated":true}]}}